{"id":714,"date":"2012-05-24T17:51:18","date_gmt":"2012-05-24T14:51:18","guid":{"rendered":"http:\/\/www.stig.fi\/?page_id=714"},"modified":"2013-11-07T17:41:33","modified_gmt":"2013-11-07T15:41:33","slug":"tulokset-2012","status":"publish","type":"page","link":"http:\/\/www.stig.fi\/?page_id=714","title":{"rendered":"Tulokset 2012"},"content":{"rendered":"<p id=\"top\" \/><h2 id=\"tablepress-4-name\" class=\"tablepress-table-name tablepress-table-name-id-4\">Stig sijoitukset fossiilisarjassa 2012<\/h2>\n\n<table id=\"tablepress-4\" class=\"tablepress tablepress-id-4\" aria-labelledby=\"tablepress-4-name\">\n<thead>\n<tr class=\"row-1 odd\">\n\t<th class=\"column-1\">Kisa 1<\/th><th class=\"column-2\">Kisa 2<\/th><th class=\"column-3\">Kisa 3<\/th><th class=\"column-4\">Kisa 4<\/th><th class=\"column-5\">Kisa 5<\/th><th class=\"column-6\">Kisa 6<\/th><th class=\"column-7\">Total<\/th>\n<\/tr>\n<\/thead>\n<tbody>\n<tr class=\"row-2 even\">\n\t<td class=\"column-1\">JK: 4 -> 7 (28 pts)<\/td><td class=\"column-2\">MO: 12 -> 5 (30 pts)<\/td><td class=\"column-3\">TM: 13 -> 2 (33 pts)<\/td><td class=\"column-4\">MO: 3 -> 16 (19 pts)<\/td><td class=\"column-5\">MO: 12 -> 8 (27 pts)<\/td><td class=\"column-6\">TM: 2 -> 2 (33 pts)<\/td><td class=\"column-7\">TM: 189 pts<\/td>\n<\/tr>\n<tr class=\"row-3 odd\">\n\t<td class=\"column-1\">TM: 12 -> 6 (29 pts)<\/td><td class=\"column-2\">TM: 3 -> 5 (30 pts)<\/td><td class=\"column-3\">JK: 4 -> 5 (30 pts)<\/td><td class=\"column-4\">JK: 10 -> 12 (23 pts)<\/td><td class=\"column-5\">TM: 4 -> 1 (34 pts)<\/td><td class=\"column-6\">JK: 8 -> 7 (28 pts)<\/td><td class=\"column-7\">JK: 164 pts<\/td>\n<\/tr>\n<tr class=\"row-4 even\">\n\t<td class=\"column-1\">MO: 9 -> 4 (31 pts)<\/td><td class=\"column-2\">JK: 14 -> 10 (25 pts)<\/td><td class=\"column-3\">TH: 10 -> 6 (29 pts)<\/td><td class=\"column-4\">TM: 9 -> 5 (30 pts)<\/td><td class=\"column-5\">JK: 10 -> 5 (30 pts)<\/td><td class=\"column-6\">MO: 14 -> 4 (31 pts)<\/td><td class=\"column-7\">MO: 138 pts<\/td>\n<\/tr>\n<\/tbody>\n<tfoot>\n<tr class=\"row-5 odd\">\n\t<th class=\"column-1\">88 pistett\u00e4<\/th><th class=\"column-2\">85 pistett\u00e4<\/th><th class=\"column-3\">92 pistett\u00e4<\/th><th class=\"column-4\">72 pistett\u00e4<\/th><th class=\"column-5\">91 pistett\u00e4<\/th><th class=\"column-6\">92 pistett\u00e4<\/th><th class=\"column-7\">453 pts (-67 pts)<\/th>\n<\/tr>\n<\/tfoot>\n<\/table>\n<!-- #tablepress-4 from cache --><br \/>\nKuskit: <span style=\"color: #0000ff;\">Tero<\/span>, <span style=\"color: #ff0000;\">Miika <\/span>ja <span style=\"color: #339966;\">Joni<span style=\"color: #000000;\">. Kolmen huonoimman er\u00e4n pisteet v\u00e4hennet\u00e4\u00e4n kokonaispisteist\u00e4.<\/span><\/span><\/p>\n<h2>Stigin sijoitus fossiilisarjassa vuonna 2012: <span style=\"text-decoration: underline;\"><span style=\"color: #ff0000;\"><strong>9<\/strong><\/span><\/span> \/ 38<\/h2>\n<p><img decoding=\"async\" title=\"sijoitus fossiilisarjassa\" alt=\"sijoitusk\u00e4yr\u00e4\" src=\"..\/..\/..\/..\/images\/sijoitustaulu2012.png\" width=\"650\" \/><\/p>\n<p><a href=\"http:\/\/www.keimolafk.com\/nuorisoturnaus\/fossiili_sarjatilanne_2012.htm\" target=\"_blank\">Fossiilisarjan sarjatilanne<\/a> Keimola FK:n sivuilta<\/p>\n<h3>Stig kest\u00e4vyysajossa 2012: 18 \/ 25<\/h3>\n<h2 id=\"tablepress-5-name\" class=\"tablepress-table-name tablepress-table-name-id-5\">2012 Yhteenveto<\/h2>\n\n<table id=\"tablepress-5\" class=\"tablepress tablepress-id-5\" aria-labelledby=\"tablepress-5-name\">\n<thead>\n<tr class=\"row-1 odd\">\n\t<th class=\"column-1\">Tulokset \/ MyLaps<\/th><th class=\"column-2\">Kisaraportti<\/th><th class=\"column-3\">Kuvat<\/th><th class=\"column-4\">Videot<\/th>\n<\/tr>\n<\/thead>\n<tbody>\n<tr class=\"row-2 even\">\n\t<td class=\"column-1\"><a href=\"http:\/\/www.mylaps.com\/results\/showevent.jsp?id=783623\">Kisa 1<\/a>: <a href=\"http:\/\/www.mylaps.com\/en\/classification\/2288396\">Joni<\/a> \/ <a href=\"http:\/\/www.mylaps.com\/en\/classification\/2288398\">Tero<\/a> \/ <a href=\"http:\/\/www.mylaps.com\/en\/classification\/2288400\">Miika<\/a><\/td><td class=\"column-2\"><a href=\"http:\/\/www.stig.fi\/?page_id=16#709\">Lent\u00e4v\u00e4 l\u00e4ht\u00f6<\/a><\/td><td class=\"column-3\"><a href=\"http:\/\/www.flickr.com\/photos\/51361726@N00\/7257748382\/in\/set-72157629816114707\">click<\/a><\/td><td class=\"column-4\"><\/td>\n<\/tr>\n<tr class=\"row-3 odd\">\n\t<td class=\"column-1\"><a href=\"http:\/\/www.mylaps.com\/results\/showevent.jsp?id=793355\">Kisa 2<\/a>: <a href=\"http:\/\/www.mylaps.com\/en\/classification\/2320184\">Miika<\/a> \/ <a href=\"http:\/\/www.mylaps.com\/en\/classification\/2320186\">Tero<\/a> \/ <a href=\"http:\/\/www.mylaps.com\/en\/classification\/2320188\">Joni<\/a><\/td><td class=\"column-2\"><a href=\"http:\/\/www.stig.fi\/?page_id=16#728\">Lahjattomat harjoittelee<\/a><\/td><td class=\"column-3\"><a href=\"http:\/\/www.flickr.com\/photos\/51361726@N00\/7369607656\/in\/set-72157629816114707\">click<\/a><\/td><td class=\"column-4\"><\/td>\n<\/tr>\n<tr class=\"row-4 even\">\n\t<td class=\"column-1\"><a href=\"http:\/\/www.mylaps.com\/results\/showevent.jsp?id=800629\">Kisa 3<\/a>: <a href=\"http:\/\/www.mylaps.com\/en\/classification\/2343528\">Tero<\/a> \/ <a href=\"http:\/\/www.mylaps.com\/en\/classification\/2343530\">Joni<\/a> \/ <a href=\"http:\/\/www.mylaps.com\/en\/classification\/2343532\">Tomppa<\/a><\/td><td class=\"column-2\"><a href=\"http:\/\/www.stig.fi\/?page_id=16#737\">Nopeat nousut<\/a><\/td><td class=\"column-3\"><a href=\"http:\/\/www.flickr.com\/photos\/51361726@N00\/7456728486\/in\/set-72157629816114707\">click<\/a><\/td><td class=\"column-4\"><\/td>\n<\/tr>\n<tr class=\"row-5 odd\">\n\t<td class=\"column-1\"><a href=\"http:\/\/www.mylaps.com\/results\/showevent.jsp?id=815785\">Kisa 4<\/a>: <a href=\"http:\/\/www.mylaps.com\/en\/classification\/2394363\">Miika<\/a> \/ <a href=\"http:\/\/www.mylaps.com\/en\/classification\/2394365\">Joni<\/a> \/ <a href=\"http:\/\/www.mylaps.com\/en\/classification\/2394367\">Tero<\/a><\/td><td class=\"column-2\"><a href=\"http:\/\/www.stig.fi\/?page_id=16\/#744\">Tuska festarit<\/a><\/td><td class=\"column-3\"><a href=\"http:\/\/www.flickr.com\/photos\/51361726@N00\/7694061814\/in\/set-72157629816114707\">click<\/a><\/td><td class=\"column-4\"><a href=\"http:\/\/www.youtube.com\/watch?v=-ltVmkOKvLc&amp;feature=youtu.be\">MO<\/a>, <a href=\"http:\/\/www.youtube.com\/watch?v=EOSS8fvclOo\">TM<\/a><\/td>\n<\/tr>\n<tr class=\"row-6 even\">\n\t<td class=\"column-1\"><a href=\"http:\/\/www.mylaps.com\/results\/showevent.jsp?id=822169\">Kisa 5<\/a>: <a href=\"http:\/\/www.mylaps.com\/en\/classification\/2416321\">Miika<\/a> \/ <a href=\"http:\/\/www.mylaps.com\/en\/classification\/2416323\">Tero<\/a> \/ <a href=\"http:\/\/www.mylaps.com\/en\/classification\/2416325\">Joni<\/a><\/td><td class=\"column-2\"><a href=\"http:\/\/www.stig.fi\/?page_id=16\/#752\">Dominointia \u00e0 la Stig<\/a><\/td><td class=\"column-3\"><a href=\"http:\/\/www.flickr.com\/photos\/51361726@N00\/7790932514\/in\/set-72157629816114707\">click<\/a><\/td><td class=\"column-4\"><\/td>\n<\/tr>\n<tr class=\"row-7 odd\">\n\t<td class=\"column-1\"><a href=\"http:\/\/www.mylaps.com\/results\/showevent.jsp?id=829200\">Kisa 6<\/a>: <a href=\"http:\/\/www.mylaps.com\/en\/classification\/2439827\">Tero<\/a> \/ <a href=\"http:\/\/www.mylaps.com\/en\/classification\/2439829\">Joni<\/a> \/ <a href=\"http:\/\/www.mylaps.com\/en\/classification\/2439831\">Miika<\/a><\/td><td class=\"column-2\"><a href=\"http:\/\/www.stig.fi\/?page_id=16\/#763\">Top 10 - teht\u00e4v\u00e4 suoritettu<\/a><\/td><td class=\"column-3\"><a href=\"http:\/\/www.flickr.com\/photos\/51361726@N00\/7890037840\/in\/set-72157629816114707\">click<\/a><\/td><td class=\"column-4\"><a href=\"http:\/\/www.youtube.com\/watch?v=UvrEhYF-78I#t=1m38\">TM1<\/a>, <a href=\"http:\/\/www.youtube.com\/watch?v=XH2IkbxaZ0k\">TM2<\/a>, <a href=\"http:\/\/www.youtube.com\/watch?v=UvrEhYF-78I#t=4m58\">JK<\/a>, <a href=\"http:\/\/www.youtube.com\/watch?v=d8G5NvIstHI\">MO<\/a><\/td>\n<\/tr>\n<tr class=\"row-8 even\">\n\t<td class=\"column-1\"><a href=\"http:\/\/www.mylaps.com\/en\/classification\/2496905\">Kest\u00e4vyyskisa<\/a><\/td><td class=\"column-2\"><a href=\"http:\/\/www.stig.fi\/?page_id=16\/#778\">Kaasua! Komisario Pepponen<\/a><\/td><td class=\"column-3\"><a href=\"http:\/\/www.flickr.com\/photos\/51361726@N00\/8073955414\/in\/set-72157629816114707\">click<\/a><\/td><td class=\"column-4\"><\/td>\n<\/tr>\n<\/tbody>\n<\/table>\n<!-- #tablepress-5 from cache -->\n<h3>Vanhat<\/h3>\n<ul>\n<li><a href=\"http:\/\/www.stig.fi\/?page_id=452\">Vuoden 2011 tulokset<\/a><\/li>\n<li><a href=\"http:\/\/www.stig.fi\/?page_id=23\">Vuoden 2010 tulokset<\/a><\/li>\n<li><a href=\"http:\/\/www.stig.fi\/2009_page.html\">Vuoden 2009 tulokset<\/a><\/li>\n<\/ul>\n<p>&nbsp;<\/p>\n<p>&nbsp;<\/p>\n","protected":false},"excerpt":{"rendered":"<p>Kuskit: Tero, Miika ja Joni. Kolmen huonoimman er\u00e4n pisteet v\u00e4hennet\u00e4\u00e4n kokonaispisteist\u00e4. Stigin sijoitus fossiilisarjassa vuonna 2012: 9 \/ 38 Fossiilisarjan sarjatilanne Keimola FK:n sivuilta Stig kest\u00e4vyysajossa 2012: 18 \/ 25 Vanhat Vuoden 2011 tulokset Vuoden 2010 tulokset Vuoden 2009 tulokset &nbsp; &nbsp;<\/p>\n","protected":false},"author":1,"featured_media":0,"parent":0,"menu_order":6,"comment_status":"closed","ping_status":"closed","template":"templates\/template-fullwidth.php","meta":{"footnotes":""},"class_list":["post-714","page","type-page","status-publish","hentry"],"_links":{"self":[{"href":"http:\/\/www.stig.fi\/index.php?rest_route=\/wp\/v2\/pages\/714","targetHints":{"allow":["GET"]}}],"collection":[{"href":"http:\/\/www.stig.fi\/index.php?rest_route=\/wp\/v2\/pages"}],"about":[{"href":"http:\/\/www.stig.fi\/index.php?rest_route=\/wp\/v2\/types\/page"}],"author":[{"embeddable":true,"href":"http:\/\/www.stig.fi\/index.php?rest_route=\/wp\/v2\/users\/1"}],"replies":[{"embeddable":true,"href":"http:\/\/www.stig.fi\/index.php?rest_route=%2Fwp%2Fv2%2Fcomments&post=714"}],"version-history":[{"count":12,"href":"http:\/\/www.stig.fi\/index.php?rest_route=\/wp\/v2\/pages\/714\/revisions"}],"predecessor-version":[{"id":967,"href":"http:\/\/www.stig.fi\/index.php?rest_route=\/wp\/v2\/pages\/714\/revisions\/967"}],"wp:attachment":[{"href":"http:\/\/www.stig.fi\/index.php?rest_route=%2Fwp%2Fv2%2Fmedia&parent=714"}],"curies":[{"name":"wp","href":"https:\/\/api.w.org\/{rel}","templated":true}]}}