{"id":452,"date":"2011-02-13T20:40:28","date_gmt":"2011-02-13T18:40:28","guid":{"rendered":"http:\/\/www.stig.fi\/?page_id=452"},"modified":"2013-11-07T17:05:32","modified_gmt":"2013-11-07T15:05:32","slug":"tulokset-2011","status":"publish","type":"page","link":"http:\/\/www.stig.fi\/?page_id=452","title":{"rendered":"Tulokset 2011"},"content":{"rendered":"<p id=\"top\" \/>\n<h2><a href=\"http:\/\/www.stig.fi\/?page_id=25#622\">Vuosikatsaus<\/a> \/\/ <a href=\"http:\/\/www.flickr.com\/photos\/51361726@N00\/sets\/72157626460747548\/detail\/\" target=\"_blank\">kuvagalleria<\/a><\/h2>\n<h2 id=\"tablepress-2-name\" class=\"tablepress-table-name tablepress-table-name-id-2\">Stig sijoitukset fossiilisarjassa 2011<\/h2>\n\n<table id=\"tablepress-2\" class=\"tablepress tablepress-id-2\" aria-labelledby=\"tablepress-2-name\">\n<thead>\n<tr class=\"row-1 odd\">\n\t<th class=\"column-1\">Kisa 1<\/th><th class=\"column-2\">Kisa 2<\/th><th class=\"column-3\">Kisa 3<\/th><th class=\"column-4\">Kisa 4<\/th><th class=\"column-5\">Kisa 5<\/th><th class=\"column-6\">Kisa 6<\/th><th class=\"column-7\">Total<\/th>\n<\/tr>\n<\/thead>\n<tbody>\n<tr class=\"row-2 even\">\n\t<td class=\"column-1\">TM: 4 -> 16 (19 pts)<\/td><td class=\"column-2\">MO: 10 -> 10 (25 pts)<\/td><td class=\"column-3\">JK: 11 -> 4 (31 pts)<\/td><td class=\"column-4\">TM: 2 -> 1 (34 pts)<\/td><td class=\"column-5\">JK: 1 -> 5 (30 pts)<\/td><td class=\"column-6\">JK: 6 -> 16 (19 pts)<\/td><td class=\"column-7\">TM: 166 pts<\/td>\n<\/tr>\n<tr class=\"row-3 odd\">\n\t<td class=\"column-1\">MO: 13 -> 18 (17 pts)<\/td><td class=\"column-2\">JK: 2 -> 15 (20 pts)<\/td><td class=\"column-3\">TM: 2 -> 8 (27 pts)<\/td><td class=\"column-4\">JK: 10 -> 11 (24 pts)<\/td><td class=\"column-5\">TM: 8 -> 6 (29 pts)<\/td><td class=\"column-6\">TM: 15 -> 7 (28 pts)<\/td><td class=\"column-7\">MO: 138 pts<\/td>\n<\/tr>\n<tr class=\"row-4 even\">\n\t<td class=\"column-1\">JK: 11 -> DQ (0 pts)<\/td><td class=\"column-2\">TM: 15 -> 6 (29 pts)<\/td><td class=\"column-3\">MO: 13 -> 14 (21 pts)<\/td><td class=\"column-4\">MO: 16 -> 9 (26 pts)<\/td><td class=\"column-5\">MO: 17 -> 10 (25 pts)<\/td><td class=\"column-6\">MO: 6 -> 11 (24 pts)<\/td><td class=\"column-7\">JK: 124 pts<\/td>\n<\/tr>\n<\/tbody>\n<tfoot>\n<tr class=\"row-5 odd\">\n\t<th class=\"column-1\">36 pistett\u00e4<\/th><th class=\"column-2\">74 pistett\u00e4<\/th><th class=\"column-3\">79 pistett\u00e4<\/th><th class=\"column-4\">84 pistett\u00e4<\/th><th class=\"column-5\">84 pistett\u00e4<\/th><th class=\"column-6\">71 pistett\u00e4<\/th><th class=\"column-7\">392 pts (-36 pts)<\/th>\n<\/tr>\n<\/tfoot>\n<\/table>\n<!-- #tablepress-2 from cache -->\n<p>Kuskit: <span style=\"color: #0000ff;\">Tero<\/span>, <span style=\"color: #ff0000;\">Miika <\/span>ja <span style=\"color: #339966;\">Joni<span style=\"color: #000000;\">. Kolmen huonoimman er\u00e4n pisteet v\u00e4hennet\u00e4\u00e4n kokonaispisteist\u00e4.<\/span><\/span><\/p>\n<h2>Stigin sijoitus fossiilisarjassa vuonna 2011: <span style=\"text-decoration: underline;\"><span style=\"color: #ff0000;\"><strong>17<\/strong><\/span><\/span> \/ 40<\/h2>\n<h3>Stig kest\u00e4vyysajossa 2011: 27 \/ 29<\/h3>\n<h2 id=\"tablepress-3-name\" class=\"tablepress-table-name tablepress-table-name-id-3\">2011 Yhteenveto<\/h2>\n\n<table id=\"tablepress-3\" class=\"tablepress tablepress-id-3\" aria-labelledby=\"tablepress-3-name\">\n<thead>\n<tr class=\"row-1 odd\">\n\t<th class=\"column-1\">Tulokset \/ MyLaps<\/th><th class=\"column-2\">Kisaraportti<\/th><th class=\"column-3\">Kuvat<\/th><th class=\"column-4\">Videot<\/th>\n<\/tr>\n<\/thead>\n<tbody>\n<tr class=\"row-2 even\">\n\t<td class=\"column-1\"><a href=\"http:\/\/www.mylaps.com\/results\/showevent.jsp?id=657563\">Kisa 1<\/a>: <a href=\"http:\/\/www.mylaps.com\/en\/classification\/1882970\">Tero<\/a> \/ <a href=\"http:\/\/www.mylaps.com\/en\/classification\/1882972\">Miika<\/a> \/ <a href=\"http:\/\/www.mylaps.com\/en\/classification\/1882974\">Joni<\/a><\/td><td class=\"column-2\"><a href=\"http:\/\/www.stig.fi\/?page_id=16#510\">Deja-fuckin\u2019-vu!<\/a><\/td><td class=\"column-3\"><a href=\"http:\/\/www.flickr.com\/photos\/51361726@N00\/5737542247\/in\/set-72157626460747548\">click<\/a><\/td><td class=\"column-4\"><a href=\"http:\/\/www.youtube.com\/watch?v=YIoHV2D2wQg#t=0m34\">TM<\/a>, <a href=\"http:\/\/www.youtube.com\/watch?v=YIoHV2D2wQg#t=3m58\">MO<\/a>, <a href=\"http:\/\/www.youtube.com\/watch?v=YIoHV2D2wQg#t=8m01\">JK<\/a><\/td>\n<\/tr>\n<tr class=\"row-3 odd\">\n\t<td class=\"column-1\"><a href=\"http:\/\/www.mylaps.com\/results\/showevent.jsp?id=671893\">Kisa 2<\/a>: <a href=\"http:\/\/www.mylaps.com\/en\/classification\/1930957\">Miika<\/a> \/ <a href=\"http:\/\/www.mylaps.com\/en\/classification\/1930959\">Joni<\/a> \/ <a href=\"http:\/\/www.mylaps.com\/en\/classification\/1930961\">Tero<\/a><\/td><td class=\"column-2\"><a href=\"http:\/\/www.stig.fi\/?page_id=16#528\">Kanveesista keskikastiin<\/a><\/td><td class=\"column-3\"><a href=\"http:\/\/www.flickr.com\/photos\/51361726@N00\/5836742495\/in\/set-72157626460747548\">click<\/a><\/td><td class=\"column-4\"><a href=\"http:\/\/www.youtube.com\/watch?v=OSKIYPbbWwY\">JK<\/a>, <a href=\"http:\/\/www.youtube.com\/watch?v=5hcJFxQhVEI\">TM1<\/a>, <a href=\"http:\/\/www.youtube.com\/watch?v=isgNxQfZCdQ\">TM2<\/a>, <a href=\"http:\/\/www.youtube.com\/watch?v=vTc7h4SiqCI\">TM3<\/a><\/td>\n<\/tr>\n<tr class=\"row-4 even\">\n\t<td class=\"column-1\"><a href=\"http:\/\/www.mylaps.com\/results\/showevent.jsp?id=682113\">Kisa 3<\/a>: <a href=\"http:\/\/www.mylaps.com\/en\/classification\/1964900\">Joni<\/a> \/ <a href=http:\/\/www.mylaps.com\/en\/classification\/1964902\">Tero<\/a> \/ <a href=\"http:\/\/www.mylaps.com\/en\/classification\/1964904\">Miika<\/a><\/td><td class=\"column-2\"><a href=\"http:\/\/www.stig.fi\/?page_id=16#559\">Osuma ja pari hutia<\/a><\/td><td class=\"column-3\"><a href=\"http:\/\/www.flickr.com\/photos\/51361726@N00\/5885566286\/in\/set-72157626460747548\">click<\/a><\/td><td class=\"column-4\"><a href=\"http:\/\/www.youtube.com\/watch?v=IwLNgaL7Jt0\">TM<\/a><\/td>\n<\/tr>\n<tr class=\"row-5 odd\">\n\t<td class=\"column-1\"><a href=\"http:\/\/www.mylaps.com\/results\/showevent.jsp?id=695350\">Kisa 4<\/a>: <a href=\"http:\/\/www.mylaps.com\/en\/classification\/2007733\">Tero<\/a> \/ <a href=\"http:\/\/www.mylaps.com\/en\/classification\/2007735\">Joni<\/a> \/ <a href=\"http:\/\/www.mylaps.com\/en\/classification\/2007737\">Miika<\/a><\/td><td class=\"column-2\"><a href=\"http:\/\/www.stig.fi\/?page_id=16#576\">Voitto! Radalla ja kabinetissa<\/a><\/td><td class=\"column-3\"><a href=\"http:\/\/www.flickr.com\/photos\/51361726@N00\/6009356078\/in\/set-72157626460747548\">click<\/a><\/td><td class=\"column-4\"><\/td>\n<\/tr>\n<tr class=\"row-6 even\">\n\t<td class=\"column-1\"><a href=\"http:\/\/www.mylaps.com\/results\/showevent.jsp?id=705157\">Kisa 5<\/a>: <a href=\"http:\/\/www.mylaps.com\/en\/classification\/2039547\">Joni<\/a> \/ <a href=\"http:\/\/www.mylaps.com\/en\/classification\/2039549\">Tero<\/a> \/ <a href=\"http:\/\/www.mylaps.com\/en\/classification\/2039551\">Miika<\/a><\/td><td class=\"column-2\"><a href=\"http:\/\/www.stig.fi\/?page_id=16#597\">Hyv\u00e4 muttei loistava<\/a><\/td><td class=\"column-3\"><a href=\"http:\/\/www.flickr.com\/photos\/51361726@N00\/6080168151\/in\/set-72157626460747548\">click<\/a><\/td><td class=\"column-4\"><a href=\"http:\/\/www.youtube.com\/watch?v=yZ4vloUk248\">JK<\/a>, <a href=\"http:\/\/www.youtube.com\/watch?v=rpFpJQZTBMA\">MO<\/a><\/td>\n<\/tr>\n<tr class=\"row-7 odd\">\n\t<td class=\"column-1\"><a href=\"http:\/\/www.mylaps.com\/results\/showevent.jsp?id=711956\">Kisa 6<\/a>: <a href=\"http:\/\/www.mylaps.com\/en\/classification\/2062793\">Joni<\/a> \/ <a href=\"http:\/\/www.mylaps.com\/en\/classification\/2062795\">Tero<\/a> \/ <a href=\"http:\/\/www.mylaps.com\/en\/classification\/2062797\">Miika<\/a><\/td><td class=\"column-2\"><a href=\"http:\/\/www.stig.fi\/?page_id=16#610\">(Seos)ruuvit l\u00f6ys\u00e4ll\u00e4<\/a><\/td><td class=\"column-3\"><a href=\"http:\/\/www.flickr.com\/photos\/51361726@N00\/6125067932\/in\/set-72157626460747548\">click<\/a><\/td><td class=\"column-4\"><a href=\"http:\/\/www.youtube.com\/watch?v=c4a5OZqFB2s\">JK<\/a>, <a href=\"http:\/\/www.youtube.com\/watch?v=r6yU3AZMyGQ\">TM<\/a>, <a href=\"http:\/\/www.youtube.com\/watch?v=t3_2pdj6zXg\">MO<\/a><\/td>\n<\/tr>\n<tr class=\"row-8 even\">\n\t<td class=\"column-1\"><a href=\"http:\/\/www.mylaps.com\/en\/classification\/2098733\">Kest\u00e4vyysajo<\/a><\/td><td class=\"column-2\"><a href=\"http:\/\/www.stig.fi\/?page_id=16#618\">Veni vidi viduiks meni<\/a><\/td><td class=\"column-3\"><a href=\"http:\/\/www.flickr.com\/photos\/51361726@N00\/6211659371\/in\/set-72157626460747548\">click<\/a><\/td><td class=\"column-4\"><\/td>\n<\/tr>\n<\/tbody>\n<\/table>\n<!-- #tablepress-3 from cache -->\n<p><img decoding=\"async\" title=\"sijoitus fossiilisarjassa\" alt=\"sijoitusk\u00e4yr\u00e4\" src=\"..\/..\/..\/..\/images\/sijoitustaulu2011.png\" width=\"650\" \/><\/p>\n<p><a href=\"http:\/\/www.keimolafk.com\/nuorisoturnaus\/fossiili_sarjatilanne_2011.htm\" target=\"_blank\">Fossiilisarjan sarjatilanne<\/a> Keimola FK:n sivuilta<\/p>\n<h3>Vanhat<\/h3>\n<ul>\n<li><a href=\"http:\/\/www.stig.fi\/?page_id=23\">Vuoden 2010 tulokset<\/a><\/li>\n<li><a href=\"http:\/\/www.stig.fi\/2009_page.html\">Vuoden 2009 tulokset<\/a><\/li>\n<\/ul>\n<p><!-- t\u00e4h\u00e4n sijoitusk\u00e4yr\u00e4 fosarisarjassa --><\/p>\n<p><!-- t\u00e4nne fosarisarjan ulkopuolisten kisojen tuloksia --><\/p>\n","protected":false},"excerpt":{"rendered":"<p>Vuosikatsaus \/\/ kuvagalleria Kuskit: Tero, Miika ja Joni. Kolmen huonoimman er\u00e4n pisteet v\u00e4hennet\u00e4\u00e4n kokonaispisteist\u00e4. Stigin sijoitus fossiilisarjassa vuonna 2011: 17 \/ 40 Stig kest\u00e4vyysajossa 2011: 27 \/ 29 Fossiilisarjan sarjatilanne Keimola FK:n sivuilta Vanhat Vuoden 2010 tulokset Vuoden 2009 tulokset<\/p>\n","protected":false},"author":1,"featured_media":0,"parent":0,"menu_order":7,"comment_status":"closed","ping_status":"closed","template":"templates\/template-fullwidth.php","meta":{"footnotes":""},"class_list":["post-452","page","type-page","status-publish","hentry"],"_links":{"self":[{"href":"http:\/\/www.stig.fi\/index.php?rest_route=\/wp\/v2\/pages\/452","targetHints":{"allow":["GET"]}}],"collection":[{"href":"http:\/\/www.stig.fi\/index.php?rest_route=\/wp\/v2\/pages"}],"about":[{"href":"http:\/\/www.stig.fi\/index.php?rest_route=\/wp\/v2\/types\/page"}],"author":[{"embeddable":true,"href":"http:\/\/www.stig.fi\/index.php?rest_route=\/wp\/v2\/users\/1"}],"replies":[{"embeddable":true,"href":"http:\/\/www.stig.fi\/index.php?rest_route=%2Fwp%2Fv2%2Fcomments&post=452"}],"version-history":[{"count":26,"href":"http:\/\/www.stig.fi\/index.php?rest_route=\/wp\/v2\/pages\/452\/revisions"}],"predecessor-version":[{"id":965,"href":"http:\/\/www.stig.fi\/index.php?rest_route=\/wp\/v2\/pages\/452\/revisions\/965"}],"wp:attachment":[{"href":"http:\/\/www.stig.fi\/index.php?rest_route=%2Fwp%2Fv2%2Fmedia&parent=452"}],"curies":[{"name":"wp","href":"https:\/\/api.w.org\/{rel}","templated":true}]}}