{"id":126,"date":"2010-01-25T18:42:50","date_gmt":"2010-01-25T16:42:50","guid":{"rendered":"http:\/\/www.stig.fi\/?page_id=126"},"modified":"2013-11-07T19:40:26","modified_gmt":"2013-11-07T17:40:26","slug":"yhteystiedot","status":"publish","type":"page","link":"http:\/\/www.stig.fi\/?page_id=126","title":{"rendered":"Tiimi \/ kontaktit"},"content":{"rendered":"<p id=\"top\" \/>\n<h3>Stig p\u00e4hkin\u00e4nkuoressa<\/h3>\n<p>STIG on karting tiimi, jonka kilpailutoiminta keskittyy (mutta ei rajoitu) Helsingin kartingradalla Tattarisuolla ajettavaan Keimola FK:n organisoimaan fossiilisarjaan. Stig perustettiin maaliskuussa 2009 ja 2009 oli my\u00f6s tiimin ensimm\u00e4inen kilpakausi. Stigin vakituisina kuljettajina toimivat Tero, Miika ja Joni.<\/p>\n<h3>Palaute<\/h3>\n<p>Risut, ruusut ja muun palautteen, sponsorihakemukset sek\u00e4 sekalaiset yhteydenotot voi l\u00e4hett\u00e4\u00e4 t\u00e4ytt\u00e4m\u00e4ll\u00e4 t\u00e4m\u00e4n lomakkeen:<\/p>\n\n<div class=\"wpcf7 no-js\" id=\"wpcf7-f1010-o1\" lang=\"fi\" dir=\"ltr\">\n<div class=\"screen-reader-response\"><p role=\"status\" aria-live=\"polite\" aria-atomic=\"true\"><\/p> <ul><\/ul><\/div>\n<form action=\"\/index.php?rest_route=%2Fwp%2Fv2%2Fpages%2F126#wpcf7-f1010-o1\" method=\"post\" class=\"wpcf7-form init\" aria-label=\"Yhteydenottolomake\" novalidate=\"novalidate\" data-status=\"init\">\n<div style=\"display: none;\">\n<input type=\"hidden\" name=\"_wpcf7\" value=\"1010\" \/>\n<input type=\"hidden\" name=\"_wpcf7_version\" value=\"5.7.7\" \/>\n<input type=\"hidden\" name=\"_wpcf7_locale\" value=\"fi\" \/>\n<input type=\"hidden\" name=\"_wpcf7_unit_tag\" value=\"wpcf7-f1010-o1\" \/>\n<input type=\"hidden\" name=\"_wpcf7_container_post\" value=\"0\" \/>\n<input type=\"hidden\" name=\"_wpcf7_posted_data_hash\" value=\"\" \/>\n<\/div>\n<p>Nimi*\n<\/p>\n<p><span class=\"wpcf7-form-control-wrap\" data-name=\"your-name\"><input size=\"40\" class=\"wpcf7-form-control wpcf7-text wpcf7-validates-as-required\" aria-required=\"true\" aria-invalid=\"false\" value=\"\" type=\"text\" name=\"your-name\" \/><\/span>\n<\/p>\n<p>S\u00e4hk\u00f6posti*\n<\/p>\n<p><span class=\"wpcf7-form-control-wrap\" data-name=\"your-email\"><input size=\"40\" class=\"wpcf7-form-control wpcf7-text wpcf7-email wpcf7-validates-as-required wpcf7-validates-as-email\" aria-required=\"true\" aria-invalid=\"false\" value=\"\" type=\"email\" name=\"your-email\" \/><\/span>\n<\/p>\n<p>Aihe\n<\/p>\n<p><span class=\"wpcf7-form-control-wrap\" data-name=\"your-subject\"><input size=\"40\" class=\"wpcf7-form-control wpcf7-text\" aria-invalid=\"false\" value=\"\" type=\"text\" name=\"your-subject\" \/><\/span>\n<\/p>\n<p>Viesti*\n<\/p>\n<p><span class=\"wpcf7-form-control-wrap\" data-name=\"your-message\"><textarea cols=\"40\" rows=\"10\" class=\"wpcf7-form-control wpcf7-textarea wpcf7-validates-as-required\" aria-required=\"true\" aria-invalid=\"false\" name=\"your-message\"><\/textarea><\/span>\n<\/p>\n<p><input class=\"wpcf7-form-control has-spinner wpcf7-submit\" type=\"submit\" value=\"L\u00e4het\u00e4\" \/>\n<\/p><div class=\"wpcf7-response-output\" aria-hidden=\"true\"><\/div>\n<\/form>\n<\/div>\n\n<div style=\"width: 437px\" class=\"wp-caption aligncenter\"><a href=\"http:\/\/farm8.staticflickr.com\/7197\/7045306191_cbc8d26f9e_b.jpg\"><img loading=\"lazy\" decoding=\"async\" class=\"  \" title=\"tiimikuva\" alt=\"\" src=\"http:\/\/farm8.staticflickr.com\/7197\/7045306191_cbc8d26f9e_b.jpg\" width=\"427\" height=\"212\" \/><\/a><p class=\"wp-caption-text\">Stig kuskit<\/p><\/div>\n<p style=\"text-align: center;\">\n","protected":false},"excerpt":{"rendered":"<p>Stig p\u00e4hkin\u00e4nkuoressa STIG on karting tiimi, jonka kilpailutoiminta keskittyy (mutta ei rajoitu) Helsingin kartingradalla Tattarisuolla ajettavaan Keimola FK:n organisoimaan fossiilisarjaan. Stig perustettiin maaliskuussa 2009 ja 2009 oli my\u00f6s tiimin ensimm\u00e4inen kilpakausi. Stigin vakituisina kuljettajina toimivat Tero, Miika ja Joni. Palaute Risut, ruusut ja muun palautteen, sponsorihakemukset sek\u00e4 sekalaiset yhteydenotot voi l\u00e4hett\u00e4\u00e4 t\u00e4ytt\u00e4m\u00e4ll\u00e4 t\u00e4m\u00e4n lomakkeen:<\/p>\n","protected":false},"author":1,"featured_media":0,"parent":0,"menu_order":4,"comment_status":"closed","ping_status":"closed","template":"","meta":{"footnotes":""},"class_list":["post-126","page","type-page","status-publish","hentry"],"_links":{"self":[{"href":"http:\/\/www.stig.fi\/index.php?rest_route=\/wp\/v2\/pages\/126","targetHints":{"allow":["GET"]}}],"collection":[{"href":"http:\/\/www.stig.fi\/index.php?rest_route=\/wp\/v2\/pages"}],"about":[{"href":"http:\/\/www.stig.fi\/index.php?rest_route=\/wp\/v2\/types\/page"}],"author":[{"embeddable":true,"href":"http:\/\/www.stig.fi\/index.php?rest_route=\/wp\/v2\/users\/1"}],"replies":[{"embeddable":true,"href":"http:\/\/www.stig.fi\/index.php?rest_route=%2Fwp%2Fv2%2Fcomments&post=126"}],"version-history":[{"count":17,"href":"http:\/\/www.stig.fi\/index.php?rest_route=\/wp\/v2\/pages\/126\/revisions"}],"predecessor-version":[{"id":1012,"href":"http:\/\/www.stig.fi\/index.php?rest_route=\/wp\/v2\/pages\/126\/revisions\/1012"}],"wp:attachment":[{"href":"http:\/\/www.stig.fi\/index.php?rest_route=%2Fwp%2Fv2%2Fmedia&parent=126"}],"curies":[{"name":"wp","href":"https:\/\/api.w.org\/{rel}","templated":true}]}}